{"id":2,"date":"2023-01-04T01:06:23","date_gmt":"2023-01-04T01:06:23","guid":{"rendered":"http:\/\/produitsrd.com\/?page_id=2"},"modified":"2023-03-19T19:21:20","modified_gmt":"2023-03-19T19:21:20","slug":"sample-page","status":"publish","type":"page","link":"https:\/\/www.produitsrd.com\/index.php\/sample-page\/","title":{"rendered":"Nous contacter"},"content":{"rendered":"\n<figure class=\"wp-block-image size-large\"><img loading=\"lazy\" decoding=\"async\" width=\"1024\" height=\"389\" src=\"https:\/\/www.produitsrd.com\/wp-content\/uploads\/2023\/03\/diana-polekhina-waoHqFroh8k-unsplash-1024x389.jpg\" alt=\"\" class=\"wp-image-63\" srcset=\"https:\/\/www.produitsrd.com\/wp-content\/uploads\/2023\/03\/diana-polekhina-waoHqFroh8k-unsplash-1024x389.jpg 1024w, https:\/\/www.produitsrd.com\/wp-content\/uploads\/2023\/03\/diana-polekhina-waoHqFroh8k-unsplash-300x114.jpg 300w, https:\/\/www.produitsrd.com\/wp-content\/uploads\/2023\/03\/diana-polekhina-waoHqFroh8k-unsplash-768x292.jpg 768w, https:\/\/www.produitsrd.com\/wp-content\/uploads\/2023\/03\/diana-polekhina-waoHqFroh8k-unsplash-1536x583.jpg 1536w, https:\/\/www.produitsrd.com\/wp-content\/uploads\/2023\/03\/diana-polekhina-waoHqFroh8k-unsplash-2048x778.jpg 2048w, https:\/\/www.produitsrd.com\/wp-content\/uploads\/2023\/03\/diana-polekhina-waoHqFroh8k-unsplash-600x228.jpg 600w\" sizes=\"auto, (max-width: 1024px) 100vw, 1024px\" \/><\/figure>\n\n\n\n<p>Vous pouvez nous contacter de diverses fa\u00e7ons et nous t\u00e2cherons de vous r\u00e9pondre le plus facilement possible. En tout temps vous pouvez nous appeler au 819-620-6858 et vous pouvez aussi nous \u00e9crire au produitsrd@outlook.com.<\/p>\n\n\n\n<div class=\"wp-block-buttons is-layout-flex wp-block-buttons-is-layout-flex\">\n<div class=\"wp-block-button is-style-fill\"><a class=\"wp-block-button__link has-white-color has-vivid-cyan-blue-background-color has-text-color has-background wp-element-button\" href=\"mailto:produitsrd@outlook.com\" target=\"_blank\" rel=\"noreferrer noopener\">Envoyer un courriel<\/a><\/div>\n\n\n\n<div class=\"wp-block-button is-style-fill\"><a class=\"wp-block-button__link has-white-color has-vivid-cyan-blue-background-color has-text-color has-background wp-element-button\" href=\"819-620-6858\" target=\"_blank\" rel=\"noreferrer noopener\">Appeler<\/a><\/div>\n\n\n<\/div>\n\n\n\n<p>Vous pouvez aussi nous retrouver en ligne sur diverses plateformes:<\/p>\n\n\n\n<div class=\"wp-block-buttons is-layout-flex wp-block-buttons-is-layout-flex\">\n<div class=\"wp-block-button is-style-fill\"><a class=\"wp-block-button__link has-white-color has-vivid-cyan-blue-background-color has-text-color has-background wp-element-button\" href=\"https:\/\/www.facebook.com\/profile.php?id=100063594187182\" target=\"_blank\" rel=\"noreferrer noopener\">Facebook<\/a><\/div>\n\n\n\n<div class=\"wp-block-button is-style-fill\"><a class=\"wp-block-button__link has-white-color has-vivid-cyan-blue-background-color has-text-color has-background wp-element-button\" href=\"https:\/\/www.youtube.com\/@RejeanDrouin\" target=\"_blank\" rel=\"noreferrer noopener\">Youtube<\/a><\/div>\n\n\n<\/div>\n\n\n\n<div style=\"height:80px\" aria-hidden=\"true\" class=\"wp-block-spacer\"><\/div>\n","protected":false},"excerpt":{"rendered":"<p>Vous pouvez nous contacter de diverses fa\u00e7ons et nous t\u00e2cherons de vous r\u00e9pondre le plus facilement possible. En tout temps vous pouvez nous appeler au 819-620-6858 et vous pouvez aussi nous \u00e9crire au produitsrd@outlook.com. Vous pouvez aussi nous retrouver en ligne sur diverses plateformes:<\/p>\n","protected":false},"author":1,"featured_media":0,"parent":0,"menu_order":0,"comment_status":"closed","ping_status":"open","template":"","meta":{"footnotes":""},"class_list":["post-2","page","type-page","status-publish","hentry"],"_links":{"self":[{"href":"https:\/\/www.produitsrd.com\/index.php\/wp-json\/wp\/v2\/pages\/2","targetHints":{"allow":["GET"]}}],"collection":[{"href":"https:\/\/www.produitsrd.com\/index.php\/wp-json\/wp\/v2\/pages"}],"about":[{"href":"https:\/\/www.produitsrd.com\/index.php\/wp-json\/wp\/v2\/types\/page"}],"author":[{"embeddable":true,"href":"https:\/\/www.produitsrd.com\/index.php\/wp-json\/wp\/v2\/users\/1"}],"replies":[{"embeddable":true,"href":"https:\/\/www.produitsrd.com\/index.php\/wp-json\/wp\/v2\/comments?post=2"}],"version-history":[{"count":16,"href":"https:\/\/www.produitsrd.com\/index.php\/wp-json\/wp\/v2\/pages\/2\/revisions"}],"predecessor-version":[{"id":83,"href":"https:\/\/www.produitsrd.com\/index.php\/wp-json\/wp\/v2\/pages\/2\/revisions\/83"}],"wp:attachment":[{"href":"https:\/\/www.produitsrd.com\/index.php\/wp-json\/wp\/v2\/media?parent=2"}],"curies":[{"name":"wp","href":"https:\/\/api.w.org\/{rel}","templated":true}]}}